{"id":3277,"date":"2018-10-17T15:46:24","date_gmt":"2018-10-17T13:46:24","guid":{"rendered":"https:\/\/tribulaunhuette.com\/wegebeschreibung\/"},"modified":"2019-08-26T16:43:04","modified_gmt":"2019-08-26T14:43:04","slug":"descrizione-sentieri","status":"publish","type":"page","link":"https:\/\/tribulaunhuette.com\/it\/descrizione-sentieri\/","title":{"rendered":"Descrizione sentieri"},"content":{"rendered":"<h5>I sentieri principali per raggiungere il rifugio sono:<\/h5>\n<div class=\"ctsc-tablist ctsc-tablist-vertical\"><ul class=\"ctsc-tablist-nav\"><li><a href=\"#ctsc-tab-content-sentiero-n-8\">Sentiero N\u00b0 8<\/a><\/li><li><a href=\"#ctsc-tab-content-sentiero-n-7\">Sentiero N\u00b0 7<\/a><\/li><li><a href=\"#ctsc-tab-content-lalta-via-di-fleres\">L\u2019Alta via di Fleres<\/a><\/li><li><a href=\"#ctsc-tab-content-via-attrezzata-lampskopf\">Via attrezzata 'Lampskopf'<\/a><\/li><li><a href=\"#ctsc-tab-content-gschnitztal-austria\">Gschnitztal Austria<\/a><\/li><li><a href=\"#ctsc-tab-content-dal-rifugio-cremona-parete-bianca\">Dal Rifugio Cremona - Parete Bianca<\/a><\/li><li><a href=\"#ctsc-tab-content-5a-tappa-della-via-alta\">5a tappa della 'Via Alta'<\/a><\/li><\/ul>\n<div id=\"ctsc-tab-content-sentiero-n-8\" class=\"ctsc-tab-content\">Sentiero N\u00b0 8 che parte dal parcheggio di Sasso, \u00e8 quello pi\u00f9 semplice e meno faticoso, percorribile senza alcuna difficolt\u00e0 \u00e8 accessibile a tutti. circa 2 ore e \u00bd.<\/div>\n<div id=\"ctsc-tab-content-sentiero-n-7\" class=\"ctsc-tab-content\">Il sentiero N\u00b0 7 che parte da S. Antonio, (vicino all&#8217;Hotel Panorama) \u00e8 pi\u00f9 faticoso in quanto molto pi\u00f9 ripido del n\u00b0 8, consigliato ad alpinisti esperti. circa 3 ore.<\/div>\n<div id=\"ctsc-tab-content-lalta-via-di-fleres\" class=\"ctsc-tab-content\"><a href=\"\/?cpo_portfolio_category=pflerscher-hoehenweg\">L\u2019Alta via di Fleres<\/a> (Obernberg-Asta) \u00e8 uno stupendo sentiero, abbastanza impegnativo per cui consigliato ad alpinisti esperti.<br \/>\nDal casale Asta seguire una vecchia strada militare (n\u00b0 32) fino alla Forcella di Porto (2110 m), da qui proseguire sul sentiero n\u00b0 32a. Nonostante alcuni punti un po\u2019 esposti e passaggi abbastanza impegnativi, \u00e8 facilmente percorribile, poich\u00e9 in occasione dell\u2019allestimento della Alta Via \u201cTirolerh\u00f6henweg\u201d \u00e8 stata attrezzata molto bene con spezzoni di corde di acciaio per potersi assicurare.<br \/>\nSi raccomanda di attraversare il nevaio nei pressi dell\u2019incrocio dei sentieri 7 e 32a , scendendo e risalendo senza attraversare direttamente sulla neve.<br \/>\nAl momento si presenta un problema nei pressi del ghiaione proprio ai piedi del Tribulaun, ad una mezzora dal rifugio, dove si \u00e8 formato a causa delle alluvioni degli ultimi anni un profondo canalone. Il problema \u00e8 superabile scendendo un centinaio di metri attraversando il canalone pi\u00f9 in basso per poi risalire sul sentiero normale. Dal casale di Asta al rifugio sono circa 6 ore di cammino.<\/div>\n<div id=\"ctsc-tab-content-via-attrezzata-lampskopf\" class=\"ctsc-tab-content\"><a href=\"https:\/\/tribulaunhuette.com\/it\/portfolio-category\/via-attrezzata-lampskopf\/\">Via attrezzata \u201cLampskopf\u201d<\/a><br \/>\nPartenza  da S. Antonio-Val di Fleres loc. \u201cErl\u201d presso l\u2019Hotel Feuerstein, arrivo al Rifugio Cesare Calciati al Tribulaun.<br \/>\nTempo di percorrenza totale circa 4 ore.<\/p>\n<\/div>\n<div id=\"ctsc-tab-content-gschnitztal-austria\" class=\"ctsc-tab-content\">La Valle di Gschnitz si prende svoltando a sinista all\u2019uscita dell\u2019abitato di Steinach,.dalla statale che da Brennero porta ad Innsbruck. Si percorre tutta la valle, per arrivare nei pressi dell\u2019albergo Feuerstein. Qui \u00e8 possibile parcheggiare la macchina ed avviarsi a piedi (sent. 37-127) per raggiungere la Tribulaunhaus, 2054 m. (il rifugio Tribulaun Austriaco). Da questo rifugio vi sono ancora circa 1 ora e mezzo di cammino (sent. 130) per arrivare alla Forcella di Fleres 2599 m. e raggiungere il Rifugio Calciati 2369 m. in circa mezzora di discesa.<br \/>\nUna alternativa \u00e8 quella di risalire il ghiaione dal rifugio austriaco (sent. 128) fino alla Forcella Nevosa 2642 m, da qui scendere e percorrere la Via Alta di Fleres (sent. 32 \u2013 32a) fino al Rifugio Calciati. (3 h).<br \/>\nNon consigliabile in caso di brutto tempo o in presenza di nebbia!<\/div>\n<div id=\"ctsc-tab-content-dal-rifugio-cremona-parete-bianca\" class=\"ctsc-tab-content\"><\/div>\n<div id=\"ctsc-tab-content-5a-tappa-della-via-alta\" class=\"ctsc-tab-content\">\n<p><a href=\"http:\/\/hoehenweg.eisacktal.info\/it\/alta-via-tiroler-hoehenweg\/1852-tour-5-a-tappa.html\" rel=\"noopener noreferrer\" target=\"_blank\">Informazioni su questo sito<\/a><\/p>\n<\/div>\n<\/div>\n","protected":false},"excerpt":{"rendered":"<p>I sentieri principali per raggiungere il rifugio sono:<\/p>\n","protected":false},"author":1,"featured_media":0,"parent":0,"menu_order":0,"comment_status":"closed","ping_status":"closed","template":"","meta":{"footnotes":""},"class_list":["post-3277","page","type-page","status-publish","hentry"],"_links":{"self":[{"href":"https:\/\/tribulaunhuette.com\/it\/wp-json\/wp\/v2\/pages\/3277","targetHints":{"allow":["GET"]}}],"collection":[{"href":"https:\/\/tribulaunhuette.com\/it\/wp-json\/wp\/v2\/pages"}],"about":[{"href":"https:\/\/tribulaunhuette.com\/it\/wp-json\/wp\/v2\/types\/page"}],"author":[{"embeddable":true,"href":"https:\/\/tribulaunhuette.com\/it\/wp-json\/wp\/v2\/users\/1"}],"replies":[{"embeddable":true,"href":"https:\/\/tribulaunhuette.com\/it\/wp-json\/wp\/v2\/comments?post=3277"}],"version-history":[{"count":10,"href":"https:\/\/tribulaunhuette.com\/it\/wp-json\/wp\/v2\/pages\/3277\/revisions"}],"predecessor-version":[{"id":3769,"href":"https:\/\/tribulaunhuette.com\/it\/wp-json\/wp\/v2\/pages\/3277\/revisions\/3769"}],"wp:attachment":[{"href":"https:\/\/tribulaunhuette.com\/it\/wp-json\/wp\/v2\/media?parent=3277"}],"curies":[{"name":"wp","href":"https:\/\/api.w.org\/{rel}","templated":true}]}}