{"id":3262,"date":"2018-10-18T18:57:43","date_gmt":"2018-10-18T16:57:43","guid":{"rendered":"https:\/\/tribulaunhuette.com\/sage\/"},"modified":"2019-02-28T17:09:13","modified_gmt":"2019-02-28T16:09:13","slug":"leggenda","status":"publish","type":"page","link":"https:\/\/tribulaunhuette.com\/it\/leggenda\/","title":{"rendered":"Leggenda"},"content":{"rendered":"<h3>Il gioco dei birilli d&#8217;oro<\/h3>\n<p><div class=\"ctsc-column ctsc-col2\">\nMolti e molti anni fa, quasi nella notte dei tempi, un popolo di minatori venuti dal Brennero per cercar oro e argento abitava la Val di Fleres. Ma la loro felicit\u00e0 era turbata da un tiranno molto ricco e malvagio che governava il suo popolo con la paura ed esigeva enormi tributi. E quando non riuscivano a soddisfare le sue richieste, il malvagio sfogava la sua ira con grande crudelt\u00e0.<\/p>\n<p>A tal motivo questa gente viveva nel terrore e nella miseria, mentre il re diventava ogni giorno pi\u00f9 ricco; cos\u00ec ricco da farsi costruire un gioco dei birilli tutto d\u2019oro zecchino.<\/p>\n<p>Ma arriv\u00f2 un d\u00ec che il minatore pi\u00f9 coraggioso di tutti, stanco dei soprusi, si rifiut\u00f2 di lavorare e convinse i suoi compagni a ribellarsi allo sfruttamento ed a lottare per la libert\u00e0. La voce di tal fatto giunse presto all\u2019orecchio del re che decise di vendicarsi personalmente del ribelle.<\/p>\n<\/div><div class=\"ctsc-column ctsc-col2 ctsc-col-last\"><img loading=\"lazy\" decoding=\"async\" src=\"https:\/\/tribulaunhuette.com\/wp-content\/uploads\/2018\/10\/goldkappl.jpg\" alt=\"\" width=\"1620\" height=\"823\" class=\"alignnone size-full wp-image-2386\" srcset=\"https:\/\/tribulaunhuette.com\/wp-content\/uploads\/2018\/10\/goldkappl.jpg 1620w, https:\/\/tribulaunhuette.com\/wp-content\/uploads\/2018\/10\/goldkappl-300x152.jpg 300w, https:\/\/tribulaunhuette.com\/wp-content\/uploads\/2018\/10\/goldkappl-768x390.jpg 768w, https:\/\/tribulaunhuette.com\/wp-content\/uploads\/2018\/10\/goldkappl-1024x520.jpg 1024w\" sizes=\"auto, (max-width: 1620px) 100vw, 1620px\" \/><\/div><div class=\"col-divide\"><\/div><br \/>\nIl prode minatore, percependo il pericolo, fugg\u00ec veloce come un camoscio sulla montagna del Tribulaun inseguito dal tiranno che non gli dava tregua. Alla fine il re lo raggiunse brandendo alta la spada ma, quando stava per sferrare il colpo mortale, apparve potente il fantasma del Tribulaun che colp\u00ec con il pugno la cima del monte spaccandola in due. Da quel giorno, infatti, il Tribulaun ha due cime.<\/p>\n<p>Il minatore pot\u00e8 cos\u00ec salvarsi e tornare tra la sua gente, accolto come un eroe, mentre quel diavolo tiranno fu trasformato in fredda roccia, il \u201cGoldkappl\u201d appunto, posto davanti al Tribulaun, e ancora oggi si pu\u00f2 vedere il luccichio rosso che rappresenta il mantello dell\u2019avido re. I birilli d\u2019oro non furono pi\u00f9 trovati, ma si sussurra che giacciano ancora nascosti in Val di Fleres.<\/p>\n","protected":false},"excerpt":{"rendered":"<p>Il gioco dei birilli d&#8217;oro Il prode minatore, percependo il pericolo, fugg\u00ec veloce come un camoscio sulla montagna del Tribulaun inseguito dal tiranno che non gli dava tregua. Alla fine il re lo raggiunse brandendo alta la spada ma, quando stava per sferrare il colpo mortale, apparve potente il fantasma del Tribulaun che colp\u00ec con il pugno la cima del monte spaccandola in due. Da quel giorno, infatti, il Tribulaun ha due cime. Il minatore pot\u00e8 cos\u00ec salvarsi e tornare&hellip;<\/p>\n","protected":false},"author":1,"featured_media":0,"parent":0,"menu_order":0,"comment_status":"closed","ping_status":"closed","template":"","meta":{"footnotes":""},"class_list":["post-3262","page","type-page","status-publish","hentry"],"_links":{"self":[{"href":"https:\/\/tribulaunhuette.com\/it\/wp-json\/wp\/v2\/pages\/3262","targetHints":{"allow":["GET"]}}],"collection":[{"href":"https:\/\/tribulaunhuette.com\/it\/wp-json\/wp\/v2\/pages"}],"about":[{"href":"https:\/\/tribulaunhuette.com\/it\/wp-json\/wp\/v2\/types\/page"}],"author":[{"embeddable":true,"href":"https:\/\/tribulaunhuette.com\/it\/wp-json\/wp\/v2\/users\/1"}],"replies":[{"embeddable":true,"href":"https:\/\/tribulaunhuette.com\/it\/wp-json\/wp\/v2\/comments?post=3262"}],"version-history":[{"count":3,"href":"https:\/\/tribulaunhuette.com\/it\/wp-json\/wp\/v2\/pages\/3262\/revisions"}],"predecessor-version":[{"id":3265,"href":"https:\/\/tribulaunhuette.com\/it\/wp-json\/wp\/v2\/pages\/3262\/revisions\/3265"}],"wp:attachment":[{"href":"https:\/\/tribulaunhuette.com\/it\/wp-json\/wp\/v2\/media?parent=3262"}],"curies":[{"name":"wp","href":"https:\/\/api.w.org\/{rel}","templated":true}]}}